{"id":30,"date":"2011-08-01T16:48:53","date_gmt":"2011-08-01T16:48:53","guid":{"rendered":"http:\/\/emergenciasedesastres.cfp.org.br\/?page_id=30"},"modified":"2018-03-23T12:06:20","modified_gmt":"2018-03-23T15:06:20","slug":"inscricoes","status":"publish","type":"page","link":"https:\/\/emergenciasedesastres.cfp.org.br\/?page_id=30","title":{"rendered":"Inscri\u00e7\u00f5es"},"content":{"rendered":"<p>Clique <a href=\"http:\/\/www2.pol.org.br\/inscricoesonline\/emergenciadesastre\/sistema\/\">aqui<\/a> para se inscrever!<\/p>\n<p>Os valores s\u00e3o:<\/p>\n<p>Profissionais &#8211; R$ 50,00<\/p>\n<p>Estudantes &#8211; R$ 30,00<\/p>\n<p><strong>Obs: N\u00e3o haver\u00e1 inscri\u00e7\u00e3o de trabalhos no evento. <\/strong><\/p>\n","protected":false},"excerpt":{"rendered":"<p>Clique aqui para se inscrever! Os valores s\u00e3o: Profissionais &#8211; R$ 50,00 Estudantes &#8211; R$ 30,00 Obs: N\u00e3o haver\u00e1 inscri\u00e7\u00e3o de trabalhos no evento.<\/p>\n","protected":false},"author":15,"featured_media":0,"parent":0,"menu_order":0,"comment_status":"closed","ping_status":"open","template":"","meta":{"footnotes":""},"class_list":["post-30","page","type-page","status-publish","hentry"],"_links":{"self":[{"href":"https:\/\/emergenciasedesastres.cfp.org.br\/index.php?rest_route=\/wp\/v2\/pages\/30","targetHints":{"allow":["GET"]}}],"collection":[{"href":"https:\/\/emergenciasedesastres.cfp.org.br\/index.php?rest_route=\/wp\/v2\/pages"}],"about":[{"href":"https:\/\/emergenciasedesastres.cfp.org.br\/index.php?rest_route=\/wp\/v2\/types\/page"}],"author":[{"embeddable":true,"href":"https:\/\/emergenciasedesastres.cfp.org.br\/index.php?rest_route=\/wp\/v2\/users\/15"}],"replies":[{"embeddable":true,"href":"https:\/\/emergenciasedesastres.cfp.org.br\/index.php?rest_route=%2Fwp%2Fv2%2Fcomments&post=30"}],"version-history":[{"count":0,"href":"https:\/\/emergenciasedesastres.cfp.org.br\/index.php?rest_route=\/wp\/v2\/pages\/30\/revisions"}],"wp:attachment":[{"href":"https:\/\/emergenciasedesastres.cfp.org.br\/index.php?rest_route=%2Fwp%2Fv2%2Fmedia&parent=30"}],"curies":[{"name":"wp","href":"https:\/\/api.w.org\/{rel}","templated":true}]}}