{"id":25,"date":"2011-08-01T16:46:17","date_gmt":"2011-08-01T16:46:17","guid":{"rendered":"http:\/\/emergenciasedesastres.cfp.org.br\/?page_id=25"},"modified":"2018-03-23T12:06:19","modified_gmt":"2018-03-23T15:06:19","slug":"apresentacao","status":"publish","type":"page","link":"https:\/\/emergenciasedesastres.cfp.org.br\/?page_id=25","title":{"rendered":"Apresenta\u00e7\u00e3o"},"content":{"rendered":"<p style=\"text-align: justify\">O II Semin\u00e1rio Nacional da Psicologia em Emerg\u00eancias e Desastres ser\u00e1 realizado de 23 a 25 de novembro, em Bras\u00edlia, com mesas redondas,\u00a0 p\u00f4steres, sess\u00f5es de comunica\u00e7\u00e3o e discuss\u00f5es tem\u00e1ticas. Os debates do encontro ir\u00e3o subsidiar o desenvolvimento  do plano de conting\u00eancia da psicologia em emerg\u00eancias e desastres.<\/p>\n<p style=\"text-align: left\">Entre as principais propostas do evento, est\u00e1  a avalia\u00e7\u00e3o do processo de organiza\u00e7\u00e3o e configura\u00e7\u00e3o do trabalho dos psic\u00f3logos e psic\u00f3logas sobre o tema.<\/p>\n<p style=\"text-align: left\">Al\u00e9m disso, o Semin\u00e1rio tamb\u00e9m conta com os seguintes objetivos: possibilitar a express\u00e3o das produ\u00e7\u00f5es e dos profissionais; produzir uma avalia\u00e7\u00e3o da conjuntura nacional e internacional sobre o tema de emerg\u00eancias e desastres; discutir a rela\u00e7\u00e3o do tema com as pol\u00edticas p\u00fablicas; e estimular a integra\u00e7\u00e3o latino-americana atrav\u00e9s da articula\u00e7\u00e3o da Rede Latino-Americana de Psicologia em Emerg\u00eancias e Desastres.<\/p>\n<p style=\"text-align: left\">As conclus\u00f5es do evento devem apoiar a organiza\u00e7\u00e3o de refer\u00eancias t\u00e9cnico-profissionais &#8211; que j\u00e1 v\u00eam se desenvolvendo dentro do Sistema Conselhos- para a atua\u00e7\u00e3o de psic\u00f3logos e psic\u00f3logas,  com base no direcionamento inicial do VII Congresso Nacional da Psicologia (CNP).<\/p>\n<p style=\"text-align: left\"><strong>SERVI\u00c7O<\/strong><\/p>\n<p>Evento: II Semin\u00e1rio Nacional: Psicologia das Emerg\u00eancias e dos Desastres<br \/>\nData: 23 a 25 de novembro de 2011<br \/>\nLocal: Bras\u00edlia \u2013DF, na Funda\u00e7\u00e3o de Empreendimentos Cient\u00edficos e Tecnol\u00f3gicos  (Finatec), localizada na Universidade de Bras\u00edlia ( Campus Universit\u00e1rio  Darcy Ribeiro, Av. L3 Norte)<\/p>\n","protected":false},"excerpt":{"rendered":"<p>O II Semin\u00e1rio Nacional da Psicologia em Emerg\u00eancias e Desastres ser\u00e1 realizado de 23 a 25 de novembro, em Bras\u00edlia, com mesas redondas,\u00a0 p\u00f4steres, sess\u00f5es de comunica\u00e7\u00e3o e discuss\u00f5es tem\u00e1ticas. Os debates do encontro ir\u00e3o subsidiar o desenvolvimento do plano &hellip; <a href=\"https:\/\/emergenciasedesastres.cfp.org.br\/?page_id=25\">Continue lendo <span class=\"meta-nav\">&rarr;<\/span><\/a><\/p>\n","protected":false},"author":15,"featured_media":0,"parent":0,"menu_order":0,"comment_status":"closed","ping_status":"open","template":"","meta":{"footnotes":""},"class_list":["post-25","page","type-page","status-publish","hentry"],"_links":{"self":[{"href":"https:\/\/emergenciasedesastres.cfp.org.br\/index.php?rest_route=\/wp\/v2\/pages\/25","targetHints":{"allow":["GET"]}}],"collection":[{"href":"https:\/\/emergenciasedesastres.cfp.org.br\/index.php?rest_route=\/wp\/v2\/pages"}],"about":[{"href":"https:\/\/emergenciasedesastres.cfp.org.br\/index.php?rest_route=\/wp\/v2\/types\/page"}],"author":[{"embeddable":true,"href":"https:\/\/emergenciasedesastres.cfp.org.br\/index.php?rest_route=\/wp\/v2\/users\/15"}],"replies":[{"embeddable":true,"href":"https:\/\/emergenciasedesastres.cfp.org.br\/index.php?rest_route=%2Fwp%2Fv2%2Fcomments&post=25"}],"version-history":[{"count":0,"href":"https:\/\/emergenciasedesastres.cfp.org.br\/index.php?rest_route=\/wp\/v2\/pages\/25\/revisions"}],"wp:attachment":[{"href":"https:\/\/emergenciasedesastres.cfp.org.br\/index.php?rest_route=%2Fwp%2Fv2%2Fmedia&parent=25"}],"curies":[{"name":"wp","href":"https:\/\/api.w.org\/{rel}","templated":true}]}}